{"id":1157,"date":"2014-12-09T22:37:00","date_gmt":"2014-12-09T20:37:00","guid":{"rendered":"http:\/\/www.tsv-natternberg.de\/leichtathletik\/?page_id=1157"},"modified":"2014-12-10T10:10:44","modified_gmt":"2014-12-10T08:10:44","slug":"archiv-2014","status":"publish","type":"page","link":"https:\/\/www.tsv-natternberg.de\/leichtathletik\/archiv-2014\/","title":{"rendered":"Archiv 2014"},"content":{"rendered":"<p><em><ul class=\"postlist\"><li><a href=\"https:\/\/www.tsv-natternberg.de\/leichtathletik\/erfolgreicher-jahresabschluss-der-natternberger-laeufer-in-peuerbach\/\">Erfolgreicher Jahresabschluss der Natternberger L\u00e4ufer in Peuerbach &#8211; Lisa und Lea Vogl siegten<\/a><\/li><li><a href=\"https:\/\/www.tsv-natternberg.de\/leichtathletik\/gute-platzierungen-fuer-den-laeufernachwuchs-beim-nikolauslauf-in-regensburg\/\">Gute Platzierungen f\u00fcr den L\u00e4ufernachwuchs beim Nikolauslauf in Regensburg<\/a><\/li><li><a href=\"https:\/\/www.tsv-natternberg.de\/leichtathletik\/lisa-vogl-siegerin-beim-17-therme-lauf-in-geinberg\/\">Lisa Vogl Siegerin beim 17. Therme-Lauf in Geinberg<\/a><\/li><li><a href=\"https:\/\/www.tsv-natternberg.de\/leichtathletik\/erste-vereinsmeisterschaft-im-orientierungslauf\/\">Erste Vereinsmeisterschaft im Orientierungslauf<\/a><\/li><li><a href=\"https:\/\/www.tsv-natternberg.de\/leichtathletik\/hervorragendes-ergebnis-fuer-frank-schneider-tsv-natternberg-beim-muenchen-marathon-ueber-10-000-m\/\">Hervorragendes Ergebnis f\u00fcr Frank Schneider beim M\u00fcnchen Marathon \u00fcber 10 000 m<\/a><\/li><li><a href=\"https:\/\/www.tsv-natternberg.de\/leichtathletik\/erfolgreiche-teilnahme-am-sprint-orientierungslauf-in-landau\/\">Erfolgreiche Teilnahme am Sprint-Orientierungslauf in Landau<\/a><\/li><li><a href=\"https:\/\/www.tsv-natternberg.de\/leichtathletik\/natternberger-laeufer-beim-crosslauf-in-patersdorf-am-start\/\">Natternberger L\u00e4ufer beim Crosslauf in Patersdorf am Start<\/a><\/li><li><a href=\"https:\/\/www.tsv-natternberg.de\/leichtathletik\/frank-schneider-und-lisa-vogl-auf-dem-podest-in-wernstein-am-inn\/\">Frank Schneider und Lisa Vogl auf dem Podest in Wernstein am Inn<\/a><\/li><li><a href=\"https:\/\/www.tsv-natternberg.de\/leichtathletik\/erika-holzbauer-aelteste-teilnehmerin-beim-nordic-walking-tag-in-grattersdorf-tsv-natternberg-zweitstaerkste-mannschaft\/\">Erika Holzbauer \u00e4lteste Teilnehmerin beim Nordic-Walking-Tag in Grattersdorf<\/a><\/li><li><a href=\"https:\/\/www.tsv-natternberg.de\/leichtathletik\/lisa-vogl-und-frank-schneider-auf-dem-podest-in-waldkirchen\/\">Lisa Vogl und Frank Schneider auf dem Podest in Waldkirchen<\/a><\/li><li><a href=\"https:\/\/www.tsv-natternberg.de\/leichtathletik\/orientierungslauftraining-auf-der-natternberger-burgruine\/\">Orientierungslauftraining auf der Natternberger Burgruine<\/a><\/li><li><a href=\"https:\/\/www.tsv-natternberg.de\/leichtathletik\/frank-schneider-gewinnt-in-otterskirchen-beim-6-hofmarklauf\/\">Frank Schneider gewinnt in Otterskirchen beim 6. Hofmarklauf<\/a><\/li><li><a href=\"https:\/\/www.tsv-natternberg.de\/leichtathletik\/gute-platzierungen-fuer-die-leichtathleten-des-tsv-natternberg-durch-robert-orth-christa-salmannsberger-beim-gaeubodenlauf-in-straubing-am-start\/\">Gute Platzierungen f\u00fcr die Leichtathleten des TSV Natternberg<\/a><\/li><li><a href=\"https:\/\/www.tsv-natternberg.de\/leichtathletik\/neues-sportangebot-orientierungslauf-bei-der-sparte-leichtathletik\/\">Neues Sportangebot Orientierungslauf bei der Sparte Leichtathletik<\/a><\/li><li><a href=\"https:\/\/www.tsv-natternberg.de\/leichtathletik\/erfolgreicher-sonntag-mit-fuenf-podestplaetzen-fuer-den-tsv-natternberg-in-viechtach\/\">Erfolgreicher Sonntag mit f\u00fcnf Podestpl\u00e4tzen f\u00fcr den TSV Natternberg in Viechtach<\/a><\/li><li><a href=\"https:\/\/www.tsv-natternberg.de\/leichtathletik\/frank-schneider-gewinnt-im-regener-kurpark-ueber-2-000-m\/\">Frank Schneider gewinnt im Regener Kurpark \u00fcber 2.000m<\/a><\/li><li><a href=\"https:\/\/www.tsv-natternberg.de\/leichtathletik\/erfolgreiche-laeufer-des-tsv-natternberg-in-straubing\/\">Erfolgreiche L\u00e4ufer des TSV Natternberg in Straubing<\/a><\/li><li><a href=\"https:\/\/www.tsv-natternberg.de\/leichtathletik\/lisa-vogl-tsv-natternberg-auf-dem-podest-in-regensburg-2\/\">Lisa Vogl, TSV Natternberg, auf dem Podest in Regensburg<\/a><\/li><li><a href=\"https:\/\/www.tsv-natternberg.de\/leichtathletik\/frank-schneider-gewinnt-in-osterhofen\/\">Frank Schneider gewinnt in Osterhofen<\/a><\/li><li><a href=\"https:\/\/www.tsv-natternberg.de\/leichtathletik\/zweiter-platz-fuer-robert-orth-in-landshut-laeuft\/\">Zweiter Platz f\u00fcr Robert Orth in &#8222;Landshut l\u00e4uft&#8220;<\/a><\/li><li><a href=\"https:\/\/www.tsv-natternberg.de\/leichtathletik\/lisa-vogl-niederbayerische-meisterin-im-strassenlauf-ueber-5-000-m\/\">Lisa Vogl Niederbayerische Meisterin und Frank Schneider Niederbayerischer Vizemeister im Stra\u00dfenlauf \u00fcber 5 000 m<\/a><\/li><li><a href=\"https:\/\/www.tsv-natternberg.de\/leichtathletik\/tsv-natternberg-in-fuersteneck-mit-lisa-vogl-und-frank-schneider-siegreich\/\">TSV Natternberg in F\u00fcrsteneck mit Lisa Vogl und Frank Schneider siegreich<\/a><\/li><li><a href=\"https:\/\/www.tsv-natternberg.de\/leichtathletik\/zwei-podestplaetze-fuer-den-tsv-natternberg-in-pocking\/\">Zwei Podestpl\u00e4tze f\u00fcr den TSV Natternberg in Pocking<\/a><\/li><li><a href=\"https:\/\/www.tsv-natternberg.de\/leichtathletik\/frank-schneider-gewinnt-in-ruhstorf-ueber-5000-meter\/\">Frank Schneider gewinnt in Ruhstorf \u00fcber 5000 Meter<\/a><\/li><li><a href=\"https:\/\/www.tsv-natternberg.de\/leichtathletik\/frank-schneider-gewinnt-beim-elypsolauf-ueber-7-000-m-in-der-schuelerklasse\/\">Frank Schneider gewinnt beim Elypsolauf \u00fcber 7000 m in der Sch\u00fclerklasse<\/a><\/li><li><a href=\"https:\/\/www.tsv-natternberg.de\/leichtathletik\/ehrenabend-des-tsv-natternberg\/\">Ehrenabend des TSV: Vier Spartenmitglieder werden geehrt<\/a><\/li><li><a href=\"https:\/\/www.tsv-natternberg.de\/leichtathletik\/natternberger-laeufer-beim-jura-cross-cup-am-start\/\">Natternberger L\u00e4ufer beim Jura Cross Cup am Start<\/a><\/li><li><a href=\"https:\/\/www.tsv-natternberg.de\/leichtathletik\/erfolgreicher-saisonstart-fuer-den-tsv-natternberg-in-dingolfing\/\">Erfolgreicher Saisonstart f\u00fcr den TSV Natternberg in Dingolfing<\/a><\/li><\/ul><\/em><\/p>\n","protected":false},"excerpt":{"rendered":"","protected":false},"author":1,"featured_media":0,"parent":0,"menu_order":0,"comment_status":"closed","ping_status":"open","template":"","meta":{"ngg_post_thumbnail":0,"_mc_calendar":[],"footnotes":""},"class_list":["post-1157","page","type-page","status-publish","hentry"],"_links":{"self":[{"href":"https:\/\/www.tsv-natternberg.de\/leichtathletik\/wp-json\/wp\/v2\/pages\/1157","targetHints":{"allow":["GET"]}}],"collection":[{"href":"https:\/\/www.tsv-natternberg.de\/leichtathletik\/wp-json\/wp\/v2\/pages"}],"about":[{"href":"https:\/\/www.tsv-natternberg.de\/leichtathletik\/wp-json\/wp\/v2\/types\/page"}],"author":[{"embeddable":true,"href":"https:\/\/www.tsv-natternberg.de\/leichtathletik\/wp-json\/wp\/v2\/users\/1"}],"replies":[{"embeddable":true,"href":"https:\/\/www.tsv-natternberg.de\/leichtathletik\/wp-json\/wp\/v2\/comments?post=1157"}],"version-history":[{"count":0,"href":"https:\/\/www.tsv-natternberg.de\/leichtathletik\/wp-json\/wp\/v2\/pages\/1157\/revisions"}],"wp:attachment":[{"href":"https:\/\/www.tsv-natternberg.de\/leichtathletik\/wp-json\/wp\/v2\/media?parent=1157"}],"curies":[{"name":"wp","href":"https:\/\/api.w.org\/{rel}","templated":true}]}}