{"id":22,"date":"2014-02-25T22:58:12","date_gmt":"2014-02-25T20:58:12","guid":{"rendered":"http:\/\/www.tsv-natternberg.de\/leichtathletik\/?page_id=22"},"modified":"2022-03-06T12:36:16","modified_gmt":"2022-03-06T10:36:16","slug":"impressium","status":"publish","type":"page","link":"https:\/\/www.tsv-natternberg.de\/leichtathletik\/impressium\/","title":{"rendered":"Impressum"},"content":{"rendered":"<p>siehe Hauptseite Verein: <a title=\"TSV Natternberg - Impressum\" href=\"http:\/\/www.tsv-natternberg.de\/impressum_frame.html\" target=\"_blank\" rel=\"noopener\">TSV Natternberg &#8211; Impressum<\/a><\/p>\n<h3>Copyright<\/h3>\n<p>Inhalt und Gestaltung dieser Webseite sind urheberrechtlich gesch\u00fctzt. Die Vervielf\u00e4ltigung oder Verwendung dargestellter Daten ist ohne unserer ausdr\u00fccklichen Zustimmung nicht gestattet<\/p>\n<h3>Ansprechpartner Homepage<\/h3>\n<p>Stefan H\u00f6tzinger, Theodor-Steininger Str. 10, 94469 Deggendorf, Telefon 0 99 1 \u2013 37 90 788 E-Mail: Stefan.Hoetzinger(at)web.de<\/p>\n","protected":false},"excerpt":{"rendered":"<p>siehe Hauptseite Verein: TSV Natternberg &#8211; Impressum Copyright Inhalt und Gestaltung dieser Webseite sind urheberrechtlich gesch\u00fctzt. Die Vervielf\u00e4ltigung oder Verwendung<\/p>\n","protected":false},"author":1,"featured_media":0,"parent":0,"menu_order":7,"comment_status":"closed","ping_status":"closed","template":"","meta":{"ngg_post_thumbnail":0,"_mc_calendar":[],"footnotes":""},"class_list":["post-22","page","type-page","status-publish","hentry"],"_links":{"self":[{"href":"https:\/\/www.tsv-natternberg.de\/leichtathletik\/wp-json\/wp\/v2\/pages\/22","targetHints":{"allow":["GET"]}}],"collection":[{"href":"https:\/\/www.tsv-natternberg.de\/leichtathletik\/wp-json\/wp\/v2\/pages"}],"about":[{"href":"https:\/\/www.tsv-natternberg.de\/leichtathletik\/wp-json\/wp\/v2\/types\/page"}],"author":[{"embeddable":true,"href":"https:\/\/www.tsv-natternberg.de\/leichtathletik\/wp-json\/wp\/v2\/users\/1"}],"replies":[{"embeddable":true,"href":"https:\/\/www.tsv-natternberg.de\/leichtathletik\/wp-json\/wp\/v2\/comments?post=22"}],"version-history":[{"count":1,"href":"https:\/\/www.tsv-natternberg.de\/leichtathletik\/wp-json\/wp\/v2\/pages\/22\/revisions"}],"predecessor-version":[{"id":6604,"href":"https:\/\/www.tsv-natternberg.de\/leichtathletik\/wp-json\/wp\/v2\/pages\/22\/revisions\/6604"}],"wp:attachment":[{"href":"https:\/\/www.tsv-natternberg.de\/leichtathletik\/wp-json\/wp\/v2\/media?parent=22"}],"curies":[{"name":"wp","href":"https:\/\/api.w.org\/{rel}","templated":true}]}}