{"id":2368,"date":"2015-04-13T12:45:25","date_gmt":"2015-04-13T10:45:25","guid":{"rendered":"http:\/\/www.tsv-natternberg.de\/leichtathletik\/?page_id=2368"},"modified":"2015-04-13T12:45:25","modified_gmt":"2015-04-13T10:45:25","slug":"archiv-2015","status":"publish","type":"page","link":"https:\/\/www.tsv-natternberg.de\/leichtathletik\/archiv-2015\/","title":{"rendered":"Archiv 2015"},"content":{"rendered":"<p><em><ul class=\"postlist\"><li><a href=\"https:\/\/www.tsv-natternberg.de\/leichtathletik\/frank-schneider-tsv-natternberg-erfolgreich-beim-silvesterlauf-in-peuerbach\/\">Frank Schneider, TSV Natternberg, erfolgreich beim Silvesterlauf in Peuerbach<\/a><\/li><li><a href=\"https:\/\/www.tsv-natternberg.de\/leichtathletik\/leichtathletikabteilung-des-tsv-natternberg-hat-grund-zum-feiern\/\">Natternberger Leichtathleten haben Grund zum Feiern &#8211; Beleuchtung der Laufbahn fertiggestellt<\/a><\/li><li><a href=\"https:\/\/www.tsv-natternberg.de\/leichtathletik\/gelungener-saisonabschluss-beim-nikolaus-orientierungslauf-in-landshut\/\">Gelungener Saisonabschluss beim Nikolaus Orientierungslauf in Landshut<\/a><\/li><li><a href=\"https:\/\/www.tsv-natternberg.de\/leichtathletik\/start-und-ziel-sieg-durch-frank-schneider-tsv-natternberg-beim-nikolauslauf-in-regensburg\/\">Start und Ziel-Sieg durch Frank Schneider, TSV Natternberg, beim Nikolauslauf in Regensburg<\/a><\/li><li><a href=\"https:\/\/www.tsv-natternberg.de\/leichtathletik\/natternberger-ol-nachwuchs-bei-der-jubi-in-riedenburg\/\">Natternberger OL-Nachwuchs bei der JuBi in Riedenburg<\/a><\/li><li><a href=\"https:\/\/www.tsv-natternberg.de\/leichtathletik\/frank-schneider-vom-tsv-natternberg-in-geinberg-auf-dem-podest\/\">Frank Schneider vom TSV Natternberg in Geinberg auf dem Podest<\/a><\/li><li><a href=\"https:\/\/www.tsv-natternberg.de\/leichtathletik\/frank-schneider-vom-tsv-natternberg-niederbayerischer-vizemeister-im-berglauf\/\">Frank Schneider vom TSV Natternberg Niederbayerischer Vizemeister im Berglauf<\/a><\/li><li><a href=\"https:\/\/www.tsv-natternberg.de\/leichtathletik\/erste-und-zweiter-platz-fuer-verena-und-veronika-beim-isarcup-orientierungslauf\/\">Erster und zweiter Platz f\u00fcr Verena und Veronika beim IsarCup Orientierungslauf in Freising<\/a><\/li><li><a href=\"https:\/\/www.tsv-natternberg.de\/leichtathletik\/14-jaehriger-frank-schneider-vom-tsv-natternberg-laeuft-beim-muenchen-marathon-ueber-10-000-m-unter-40-minuten\/\">Frank Schneider vom TSV Natternberg l\u00e4uft beim M\u00fcnchen Marathon \u00fcber 10 km unter 40 Minuten<\/a><\/li><li><a href=\"https:\/\/www.tsv-natternberg.de\/leichtathletik\/bereits-zum-6-mal-fand-der-labertal-lauf-in-geiselhoering-hirschling-statt-bei-strahlendem-sonnenschein-vertrat-frank-schneider-jg-2001-sehr-erfolgreich-den-tsv-natternberg\/\">Frank Schneider vertrat sehr erfolgreich den TSV Natternberg in Geiselh\u00f6ring<\/a><\/li><li><a href=\"https:\/\/www.tsv-natternberg.de\/leichtathletik\/3-orientierungslauf-zur-degparktour-201516-in-metten\/\">3. Orientierungslauf zur DegParkTour 2015\/16 in Metten<\/a><\/li><li><a href=\"https:\/\/www.tsv-natternberg.de\/leichtathletik\/ol-wochenende-in-bamberg-verena-hoetzinger-gewinnt-bayerncup-wertung-in-d-12\/\">OL-Wochenende in Bamberg &#8211; Verena H\u00f6tzinger gewinnt BayernCup Wertung in D-12<\/a><\/li><li><a href=\"https:\/\/www.tsv-natternberg.de\/leichtathletik\/frank-schneider-gewinnt-28-zwei-burgen-lauf-in-riedenburg\/\">Frank Schneider gewinnt 28. Zwei-Burgen-Lauf in Riedenburg<\/a><\/li><li><a href=\"https:\/\/www.tsv-natternberg.de\/leichtathletik\/5-orientierungslauf-zum-runnerspoint-isarcup-in-landshut\/\">5. Orientierungslauf zum Runners Point IsarCup in Landshut<\/a><\/li><li><a href=\"https:\/\/www.tsv-natternberg.de\/leichtathletik\/lisa-vogl-und-frank-schneider-siegreich-beim-kirchturmlauf-in-waldkirchen\/\">Lisa Vogl und Frank Schneider siegreich beim Kirchturmlauf in Waldkirchen<\/a><\/li><li><a href=\"https:\/\/www.tsv-natternberg.de\/leichtathletik\/5-lauf-zur-degparktour-201516-in-natternberg\/\">5. Lauf zur DegParkTour 2015\/16 in Natternberg<\/a><\/li><li><a href=\"https:\/\/www.tsv-natternberg.de\/leichtathletik\/bestzeiten-auf-der-1-000-meter-rodelbahn-in-sankt-englmar\/\">\u201eBestzeiten\u201c beim Bahnrodeln in Sankt Englmar<\/a><\/li><li><a href=\"https:\/\/www.tsv-natternberg.de\/leichtathletik\/grundschule-plattling-fuehrt-einen-orientierungslauf-tag-durch\/\">Grundschule Plattling f\u00fchrt einen Orientierungslauf-Tag durch<\/a><\/li><li><a href=\"https:\/\/www.tsv-natternberg.de\/leichtathletik\/tsv-natternberg-stellt-niederbayerische-meister-und-vizemeister-im-bahnlauf\/\">TSV Natternberg stellt Niederbayerische Meister und \u2013 Vizemeister im Bahnlauf<\/a><\/li><li><a href=\"https:\/\/www.tsv-natternberg.de\/leichtathletik\/zweite-goldmedaille-bei-der-bayerischen-meisterschaft-im-orientierungslauf-fuer-verena-hoetzinger\/\">Zweite Goldmedaille bei der Bayerischen Meisterschaft im Orientierungslauf f\u00fcr Verena H\u00f6tzinger<\/a><\/li><li><a href=\"https:\/\/www.tsv-natternberg.de\/leichtathletik\/finale-und-neustart-der-degparktour-201516\/\">Finale und Neustart der DegParkTour 2015\/16<\/a><\/li><li><a href=\"https:\/\/www.tsv-natternberg.de\/leichtathletik\/lisa-vogl-und-frank-schneider-gewinnen-in-regen-bestzeiten-ueber-2-000m\/\">Lisa Vogl und Frank Schneider gewinnen in Regen &#8211; Bestzeiten \u00fcber 2.000m<\/a><\/li><li><a href=\"https:\/\/www.tsv-natternberg.de\/leichtathletik\/orientierungslauf-beim-schulfest-in-rettenbach\/\">Orientierungslauf beim Schulfest in Rettenbach<\/a><\/li><li><a href=\"https:\/\/www.tsv-natternberg.de\/leichtathletik\/lisa-vogl-niederbayerische-vize-meisterin-ueber-800-m-in-plattling\/\">Lisa Vogl Niederbayerische Vize-Meisterin \u00fcber 800m in Plattling<\/a><\/li><li><a href=\"https:\/\/www.tsv-natternberg.de\/leichtathletik\/erfolgreiche-laeufer-des-tsv-natternberg-in-straubing-2\/\">Erfolgreiche L\u00e4ufer des TSV Natternberg in Straubing<\/a><\/li><li><a href=\"https:\/\/www.tsv-natternberg.de\/leichtathletik\/letzter-lauf-zur-degparktour-201415-in-untergrub\/\">Letzter Lauf zur DegParkTour 2014\/15 in Untergrub<\/a><\/li><li><a href=\"https:\/\/www.tsv-natternberg.de\/leichtathletik\/lisa-vogl-und-frank-schneider-in-geiselhoering-auf-dem-podest\/\">Lisa Vogl und Frank Schneider Vize-Meister im Stra\u00dfenlauf \u00fcber 5 000 m<\/a><\/li><li><a href=\"https:\/\/www.tsv-natternberg.de\/leichtathletik\/oler-des-tsv-beim-landesturnfest-in-burghausen\/\">OLer des TSV beim Landesturnfest in Burghausen<\/a><\/li><li><a href=\"https:\/\/www.tsv-natternberg.de\/leichtathletik\/frank-schneider-gewinnt-beim-ostwind-minimarathon-in-regensburg-lisa-vogl-ebenfalls-auf-dem-podest\/\">Frank Schneider gewinnt beim OSTWIND Minimarathon in Regensburg &#8211; Lisa Vogl ebenfalls auf dem Podest<\/a><\/li><li><a href=\"https:\/\/www.tsv-natternberg.de\/leichtathletik\/abnahme-des-sportabzeichen-beginnt-am-21-mai\/\">Abnahme des Sportabzeichen beginnt am 21.Mai<\/a><\/li><li><a href=\"https:\/\/www.tsv-natternberg.de\/leichtathletik\/8-sprint-ol-der-degparktour-20142015-auf-dem-geiersberg\/\">8. Sprint-OL der DegParkTour 2014\/2015 auf dem Geiersberg<\/a><\/li><li><a href=\"https:\/\/www.tsv-natternberg.de\/leichtathletik\/lisa-vogl-und-frank-schneider-gewinnen-in-bad-griesbach\/\">Lisa Vogl und Frank Schneider gewinnen in Bad Griesbach<\/a><\/li><li><a href=\"https:\/\/www.tsv-natternberg.de\/leichtathletik\/gold-fuer-verena-hoetzinger-bei-der-bayerischen-meisterschaft-im-sprint-orientierungslauf\/\">Gold f\u00fcr Verena H\u00f6tzinger bei der Bayerischen Meisterschaft im Sprint-Orientierungslauf<\/a><\/li><li><a href=\"https:\/\/www.tsv-natternberg.de\/leichtathletik\/lisa-vogl-beim-8-burgweintinger-nepal-lauf-erfolgreich-am-start\/\">Lisa Vogl beim 8. Burgweintinger Nepal-Lauf erfolgreich am Start<\/a><\/li><li><a href=\"https:\/\/www.tsv-natternberg.de\/leichtathletik\/erster-platz-in-der-regensburger-ol-tour-fuer-verena-hoetzinger\/\">Erster Platz in der Regensburger OL-Tour f\u00fcr Verena H\u00f6tzinger<\/a><\/li><li><a href=\"https:\/\/www.tsv-natternberg.de\/leichtathletik\/erstmalige-teilnahme-an-einem-wald-orientierungslauf\/\">Erstmalige Teilnahme an einem Wald-Orientierungslauf<\/a><\/li><li><a href=\"https:\/\/www.tsv-natternberg.de\/leichtathletik\/frank-schneider-in-kallmuenz-auf-dem-podest\/\">Frank Schneider in Kallm\u00fcnz auf dem Podest<\/a><\/li><li><a href=\"https:\/\/www.tsv-natternberg.de\/leichtathletik\/hohe-beteiligung-an-der-ostereiersuche-sowie-beim-orientierungslauf-am-vereinsgelaende-des-tsv-natternberg\/\">Hohe Beteiligung an der Ostereiersuche sowie beim Orientierungslauf am Vereinsgel\u00e4nde des TSV Natternberg<\/a><\/li><li><a href=\"https:\/\/www.tsv-natternberg.de\/leichtathletik\/7-lauf-der-ol-degparktour-20142015-am-gruendonnerstag-in-metten\/\">7. Lauf der OL-DegParkTour 2014\/2015 am Gr\u00fcndonnerstag in Metten<\/a><\/li><li><a href=\"https:\/\/www.tsv-natternberg.de\/leichtathletik\/hervorragendes-ergebnis-bei-der-niederbayerischen-meisterschaft-im-orientierungslauf-fuer-den-tsv-natternberg\/\">Hervorragendes Ergebnis bei der Niederbayerischen Meisterschaft im Orientierungslauf f\u00fcr den TSV Natternberg<\/a><\/li><li><a href=\"https:\/\/www.tsv-natternberg.de\/leichtathletik\/zwei-podestplaetze-fuer-den-tsv-natternberg-in-ruhstorf\/\">Zwei Podestpl\u00e4tze f\u00fcr den TSV Natternberg in Ruhstorf<\/a><\/li><li><a href=\"https:\/\/www.tsv-natternberg.de\/leichtathletik\/2258\/\">Natternberger L\u00e4ufer mit Spitzenzeiten beim Elypsolauf<\/a><\/li><li><a href=\"https:\/\/www.tsv-natternberg.de\/leichtathletik\/ehrenabend-des-tsv-natternberg-2\/\">Ehrenabend des TSV Natternberg<\/a><\/li><li><a href=\"https:\/\/www.tsv-natternberg.de\/leichtathletik\/ehrung-fuer-lisa-vogl-als-sporttalent-2014\/\">Ehrung f\u00fcr Lisa Vogl als Sporttalent 2014<\/a><\/li><li><a href=\"https:\/\/www.tsv-natternberg.de\/leichtathletik\/tsv-natternberg-stellt-zwei-niederbayerische-crosslaufmeister-2015-lisa-vogl-und-frank-schneider-siegen-in-arnstorf\/\">TSV Natternberg stellt zwei Niederbayerische Crosslaufmeister 2015 &#8211; Lisa Vogl und Frank Schneider siegen in Arnstorf<\/a><\/li><li><a href=\"https:\/\/www.tsv-natternberg.de\/leichtathletik\/erstmaliger-sieg-in-der-jugendkategorie-bei-der-degparktour\/\">Erstmaliger Sieg in der Jugendkategorie bei der DegParkTour<\/a><\/li><li><a href=\"https:\/\/www.tsv-natternberg.de\/leichtathletik\/natternberger-leichtathleten-erhielten-59-abzeichen\/\">Natternberger Leichtathleten erhielten 59 Abzeichen<\/a><\/li><li><a href=\"https:\/\/www.tsv-natternberg.de\/leichtathletik\/jahresabschlussfeier-der-leichtathleten-des-tsv-natternberg-2\/\">Jahresabschlussfeier der Leichtathleten des TSV Natternberg<\/a><\/li><li><a href=\"https:\/\/www.tsv-natternberg.de\/leichtathletik\/frank-schneider-vom-tsv-natternberg-laeuft-in-dingolfing-bestzeit-ueber-1-500-m\/\">Frank Schneider vom TSV Natternberg l\u00e4uft in Dingolfing Bestzeit \u00fcber 1 500 m<\/a><\/li><li><a href=\"https:\/\/www.tsv-natternberg.de\/leichtathletik\/lv-deggendorf-und-tsv-natternberg-verleihen-189-deutsche-sportabzeichen\/\">LV Deggendorf und TSV Natternberg verleihen 189 Deutsche Sportabzeichen<\/a><\/li><li><a href=\"https:\/\/www.tsv-natternberg.de\/leichtathletik\/erste-teilnahme-bei-einem-nacht-orientierungslauf\/\">Erste Teilnahme bei einem Nacht-Orientierungslauf<\/a><\/li><\/ul><\/em><\/p>\n","protected":false},"excerpt":{"rendered":"","protected":false},"author":1,"featured_media":0,"parent":0,"menu_order":0,"comment_status":"closed","ping_status":"open","template":"","meta":{"ngg_post_thumbnail":0,"_mc_calendar":[],"footnotes":""},"class_list":["post-2368","page","type-page","status-publish","hentry"],"_links":{"self":[{"href":"https:\/\/www.tsv-natternberg.de\/leichtathletik\/wp-json\/wp\/v2\/pages\/2368","targetHints":{"allow":["GET"]}}],"collection":[{"href":"https:\/\/www.tsv-natternberg.de\/leichtathletik\/wp-json\/wp\/v2\/pages"}],"about":[{"href":"https:\/\/www.tsv-natternberg.de\/leichtathletik\/wp-json\/wp\/v2\/types\/page"}],"author":[{"embeddable":true,"href":"https:\/\/www.tsv-natternberg.de\/leichtathletik\/wp-json\/wp\/v2\/users\/1"}],"replies":[{"embeddable":true,"href":"https:\/\/www.tsv-natternberg.de\/leichtathletik\/wp-json\/wp\/v2\/comments?post=2368"}],"version-history":[{"count":0,"href":"https:\/\/www.tsv-natternberg.de\/leichtathletik\/wp-json\/wp\/v2\/pages\/2368\/revisions"}],"wp:attachment":[{"href":"https:\/\/www.tsv-natternberg.de\/leichtathletik\/wp-json\/wp\/v2\/media?parent=2368"}],"curies":[{"name":"wp","href":"https:\/\/api.w.org\/{rel}","templated":true}]}}