{"id":5791,"date":"2019-01-21T22:04:38","date_gmt":"2019-01-21T20:04:38","guid":{"rendered":"http:\/\/www.tsv-natternberg.de\/leichtathletik\/?page_id=5791"},"modified":"2019-01-21T22:04:55","modified_gmt":"2019-01-21T20:04:55","slug":"archiv-2018","status":"publish","type":"page","link":"https:\/\/www.tsv-natternberg.de\/leichtathletik\/archiv-2018\/","title":{"rendered":"Archiv 2018"},"content":{"rendered":"\n<p><em><ul class=\"postlist\"><li><a href=\"https:\/\/www.tsv-natternberg.de\/leichtathletik\/laeufernachwuchs-beim-nikolauslauf-in-regensburg-wiederum-erfolgreich-am-start\/\">L\u00e4ufernachwuchs beim Nikolauslauf in Regensburg wiederum erfolgreich am Start<\/a><\/li><li><a href=\"https:\/\/www.tsv-natternberg.de\/leichtathletik\/yaren-orbay-siegerin-beim-21-therme-lauf-in-geinberg\/\">Yaren Orbay Siegerin beim 21. Therme-Lauf in Geinberg<\/a><\/li><li><a href=\"https:\/\/www.tsv-natternberg.de\/leichtathletik\/drei-starter-drei-podestplaetze-fuer-den-tsv-natternberg-beim-freudenseelauf\/\">Drei Starter &#8211;  Drei Podestpl\u00e4tze f\u00fcr den TSV Natternberg beim Freudenseelauf<\/a><\/li><li><a href=\"https:\/\/www.tsv-natternberg.de\/leichtathletik\/saisonabschluss-der-bayerischen-orientierungslaeufer-im-felsenparadies\/\">Saisonabschlu\u00df der Bayerischen Orientierungsl\u00e4ufer im &#8222;Felsenparadies&#8220;<\/a><\/li><li><a href=\"https:\/\/www.tsv-natternberg.de\/leichtathletik\/traumhaftes-wetter-wahnsinns-kulisse-sensationeller-3-platz-fuer-team-ol-bayern\/\">Traumhaftes Wetter, wahnsinns Kulisse &#8211; Sensationeller 3. Platz f\u00fcr Team OL Bayern<\/a><\/li><li><a href=\"https:\/\/www.tsv-natternberg.de\/leichtathletik\/vier-starter-fuer-vier-podestplaetze-in-ruhstorf-fuer-den-tsv-natternberg\/\">Vier Starter &#8211;  f\u00fcr vier Podestpl\u00e4tze in Ruhstorf f\u00fcr den TSV Natternberg<\/a><\/li><li><a href=\"https:\/\/www.tsv-natternberg.de\/leichtathletik\/enspurt-beim-sportabzeichen\/\">Enspurt beim Sportabzeichen!<\/a><\/li><li><a href=\"https:\/\/www.tsv-natternberg.de\/leichtathletik\/tsv-natternberg-zum-zehnten-mal-beim-nordic-walking-tag-in-grattersdorf\/\">TSV Natternberg zum zehnten Mal beim Nordic-Walking-Tag in Grattersdorf<\/a><\/li><li><a href=\"https:\/\/www.tsv-natternberg.de\/leichtathletik\/erstmals-orientierungslauf-luft-geschnuppert\/\">Erstmals Orientierungslauf-Luft geschnuppert<\/a><\/li><li><a href=\"https:\/\/www.tsv-natternberg.de\/leichtathletik\/christa-salmannsberger-und-ursula-weniger-beim-gaeubodenvolksfestlauf-in-straubing\/\">Christa Salmannsberger und Ursula Weniger beim G\u00e4ubodenvolksfestlauf in Straubing<\/a><\/li><li><a href=\"https:\/\/www.tsv-natternberg.de\/leichtathletik\/5-tolle-wettkampftage-bei-der-bavarian-orienteering-tour\/\">5 tolle Wettkampftage bei der Bavarian Orienteering Tour!<\/a><\/li><li><a href=\"https:\/\/www.tsv-natternberg.de\/leichtathletik\/yaren-und-carina-auf-dem-podest-in-kelheim\/\">Yaren und Carina auf dem Podest in Kelheim<\/a><\/li><li><a href=\"https:\/\/www.tsv-natternberg.de\/leichtathletik\/trotz-hochsommerlicher-temperaturen-respektable-ergebnisse-fuer-den-laeufernachwuchs\/\">Trotz hochsommerlicher Temperaturen respektable Ergebnisse f\u00fcr den L\u00e4ufernachwuchs<\/a><\/li><li><a href=\"https:\/\/www.tsv-natternberg.de\/leichtathletik\/kompletter-medaillensatz-fuer-die-natternberger-orientierungslaeufer-bei-der-sprintmeisterschaft\/\">Kompletter Medaillensatz f\u00fcr die Natternberger Orientierungsl\u00e4ufer bei der Sprintmeisterschaft<\/a><\/li><li><a href=\"https:\/\/www.tsv-natternberg.de\/leichtathletik\/drei-natternberger-orientierungslaeufer-beim-laendervergleichskampf-alpe-adria-cup-in-szombathely\/\">Drei Natternberger Orientierungsl\u00e4ufer beim Alpe Adria Cup in Szombathely<\/a><\/li><li><a href=\"https:\/\/www.tsv-natternberg.de\/leichtathletik\/14-deggendorfer-stadtmeisterschaft-im-orientierungslauf\/\">14. Deggendorfer Stadtmeisterschaft im Orientierungslauf<\/a><\/li><li><a href=\"https:\/\/www.tsv-natternberg.de\/leichtathletik\/natternberger-h14-staffel-holt-broze-medaille-bei-der-bayerischen-meisterschaft\/\">Natternberger H14 Staffel holt Broze Medaille bei der Bayerischen Meisterschaft!<\/a><\/li><li><a href=\"https:\/\/www.tsv-natternberg.de\/leichtathletik\/sportabzeichenabnahme-beim-tsv-natternberg\/\">Sportabzeichenabnahme beim TSV Natternberg<\/a><\/li><li><a href=\"https:\/\/www.tsv-natternberg.de\/leichtathletik\/luke-veronika-und-verena-holen-goldmedaille-bei-der-niederbayerischen-meisterschaft\/\">Luke, Veronika und Verena holen Goldmedaille bei der Niederbayerischen Meisterschaft<\/a><\/li><li><a href=\"https:\/\/www.tsv-natternberg.de\/leichtathletik\/3-platz-in-der-gesamtwertung-beim-jugendlaendervergleichskampf-der-orientierer\/\">3. Platz in der Gesamtwertung beim Jugendl\u00e4ndervergleichskampf der Orientierer<\/a><\/li><li><a href=\"https:\/\/www.tsv-natternberg.de\/leichtathletik\/verena-und-michael-hoetzinger-holen-ersten-platz-beim-8-lauf-zur-degparktour-in-otzing\/\">Verena und Michael H\u00f6tzinger holen ersten Platz beim 8. Lauf zur DegParkTour in Otzing<\/a><\/li><li><a href=\"https:\/\/www.tsv-natternberg.de\/leichtathletik\/verena-hoetzinger-holt-titel-bayerische-meisterin-in-der-kategorie-damen-bis-14-jahren\/\">Verena H\u00f6tzinger holt Titel Bayerische Meisterin in der Kategorie Damen bis 14 Jahren<\/a><\/li><li><a href=\"https:\/\/www.tsv-natternberg.de\/leichtathletik\/4-oster-orientierungslauf-und-zugleich-7-lauf-zur-degparktour-in-fischerdorf\/\">4. Oster-Orientierungslauf und zugleich 7. Lauf zur DegParkTour in Fischerdorf<\/a><\/li><li><a href=\"https:\/\/www.tsv-natternberg.de\/leichtathletik\/orientierungslaeufer-nehmen-am-score-orientierugnslauf-linz-teil\/\">Orientierungsl\u00e4ufer nehmen am Score Orientierungslauf bei Linz teil<\/a><\/li><li><a href=\"https:\/\/www.tsv-natternberg.de\/leichtathletik\/13-deggendorfer-halbmarathon-michael-hoetzinger-gewinnt-schuelerlauf\/\">13. Deggendorfer Halbmarathon: Michael H\u00f6tzinger gewinnt Sch\u00fclerlauf!<\/a><\/li><li><a href=\"https:\/\/www.tsv-natternberg.de\/leichtathletik\/veronika-engl-und-verena-hoetzinger-erhalten-auszeichnung-sporttalent-2017\/\">Veronika Engl und Verena H\u00f6tzinger erhalten Auszeichnung \u201eSporttalent 2017\u201c<\/a><\/li><li><a href=\"https:\/\/www.tsv-natternberg.de\/leichtathletik\/sparda-bank-ostbayern-unterstuetzt-die-ol-gruppe-des-tsv-natternberg\/\">Sparda-Bank Ostbayern unterst\u00fctzt die OL-Gruppe des TSV Natternberg<\/a><\/li><li><a href=\"https:\/\/www.tsv-natternberg.de\/leichtathletik\/1-platz-fuer-verena-und-stefan-hoetzinger-bei-der-regensburger-orientierungslauf-tour-rolt\/\">1. Platz f\u00fcr Verena und Stefan H\u00f6tzinger bei der Regensburger Orientierungslauf Tour ROLT<\/a><\/li><li><a href=\"https:\/\/www.tsv-natternberg.de\/leichtathletik\/6-wertungslauf-zur-degparktour-am-geiersberg\/\">6. Wertungslauf zur DegParkTour am Geiersberg: Veronika Engl holt 2. Platz bei den Damen<\/a><\/li><li><a href=\"https:\/\/www.tsv-natternberg.de\/leichtathletik\/5-wertungslauf-zur-degparktour-pia-bisani-holt-2-platz-beim-nachtsprintlauf-in-osterhofen\/\">5. Wertungslauf zur DegParkTour: Pia Bisani holt 2. Platz beim Nachtsprintlauf in Osterhofen<\/a><\/li><li><a href=\"https:\/\/www.tsv-natternberg.de\/leichtathletik\/natternberger-leichtathleten-erhielten-51-deutsche-sportabzeichen\/\">Natternberger Leichtathleten erhielten 51 Deutsche Sportabzeichen<\/a><\/li><li><a href=\"https:\/\/www.tsv-natternberg.de\/leichtathletik\/ehrung-fuer-veronika-engl-verena-hoetzinger-kaj-salmannsberger-und-stefan-hoetzinger\/\">Ehrung f\u00fcr: Veronika Engl, Verena H\u00f6tzinger, Kaj Salmannsberger und Stefan H\u00f6tzinger<\/a><\/li><li><a href=\"https:\/\/www.tsv-natternberg.de\/leichtathletik\/4-wertgungslauf-zur-degparktour-veronika-engl-holt-2-platz-beim-nachtsprintlauf-in-mietraching\/\">4. Wertgungslauf zur DegParkTour &#8211; Veronika Engl holt 2. Platz beim Nachtsprintlauf in Mietraching<\/a><\/li><\/ul><\/em><\/p>\n","protected":false},"excerpt":{"rendered":"","protected":false},"author":1,"featured_media":0,"parent":0,"menu_order":0,"comment_status":"closed","ping_status":"closed","template":"","meta":{"ngg_post_thumbnail":0,"_mc_calendar":[],"footnotes":""},"class_list":["post-5791","page","type-page","status-publish","hentry"],"_links":{"self":[{"href":"https:\/\/www.tsv-natternberg.de\/leichtathletik\/wp-json\/wp\/v2\/pages\/5791","targetHints":{"allow":["GET"]}}],"collection":[{"href":"https:\/\/www.tsv-natternberg.de\/leichtathletik\/wp-json\/wp\/v2\/pages"}],"about":[{"href":"https:\/\/www.tsv-natternberg.de\/leichtathletik\/wp-json\/wp\/v2\/types\/page"}],"author":[{"embeddable":true,"href":"https:\/\/www.tsv-natternberg.de\/leichtathletik\/wp-json\/wp\/v2\/users\/1"}],"replies":[{"embeddable":true,"href":"https:\/\/www.tsv-natternberg.de\/leichtathletik\/wp-json\/wp\/v2\/comments?post=5791"}],"version-history":[{"count":1,"href":"https:\/\/www.tsv-natternberg.de\/leichtathletik\/wp-json\/wp\/v2\/pages\/5791\/revisions"}],"predecessor-version":[{"id":5792,"href":"https:\/\/www.tsv-natternberg.de\/leichtathletik\/wp-json\/wp\/v2\/pages\/5791\/revisions\/5792"}],"wp:attachment":[{"href":"https:\/\/www.tsv-natternberg.de\/leichtathletik\/wp-json\/wp\/v2\/media?parent=5791"}],"curies":[{"name":"wp","href":"https:\/\/api.w.org\/{rel}","templated":true}]}}